{"id":1021,"date":"2025-02-11T18:33:03","date_gmt":"2025-02-11T18:33:03","guid":{"rendered":"https:\/\/bestprint.cl\/wp\/?post_type=product&#038;p=1021"},"modified":"2026-03-29T19:48:24","modified_gmt":"2026-03-29T19:48:24","slug":"toner-best-print-samsung-d203u-m4020-4070","status":"publish","type":"product","link":"https:\/\/bestprint.cl\/wp\/tienda\/toner-best-print-samsung-d203u-m4020-4070\/","title":{"rendered":"Toner Best Print D203U M4020"},"content":{"rendered":"\t\t<div data-elementor-type=\"wp-post\" data-elementor-id=\"1021\" class=\"elementor elementor-1021\">\n\t\t\t\t\t\t<section class=\"elementor-section elementor-top-section elementor-element elementor-element-236b539 elementor-section-boxed elementor-section-height-default elementor-section-height-default\" data-id=\"236b539\" data-element_type=\"section\">\n\t\t\t\t\t\t<div class=\"elementor-container elementor-column-gap-default\">\n\t\t\t\t\t<div class=\"elementor-column elementor-col-100 elementor-top-column elementor-element elementor-element-47f6fb9\" data-id=\"47f6fb9\" data-element_type=\"column\">\n\t\t\t<div class=\"elementor-widget-wrap elementor-element-populated\">\n\t\t\t\t\t\t<section class=\"elementor-section elementor-inner-section elementor-element elementor-element-67e86bf elementor-section-boxed elementor-section-height-default elementor-section-height-default\" data-id=\"67e86bf\" data-element_type=\"section\">\n\t\t\t\t\t\t<div class=\"elementor-container elementor-column-gap-default\">\n\t\t\t\t\t<div class=\"elementor-column elementor-col-100 elementor-inner-column elementor-element elementor-element-302c3bb\" data-id=\"302c3bb\" data-element_type=\"column\">\n\t\t\t<div class=\"elementor-widget-wrap elementor-element-populated\">\n\t\t\t\t\t\t<div class=\"elementor-element elementor-element-ceecdc3 elementor-widget elementor-widget-heading\" data-id=\"ceecdc3\" data-element_type=\"widget\" data-widget_type=\"heading.default\">\n\t\t\t\t<div class=\"elementor-widget-container\">\n\t\t\t\t\t<h4 class=\"elementor-heading-title elementor-size-default\">Ventajas del producto:<br><\/h4>\t\t\t\t<\/div>\n\t\t\t\t<\/div>\n\t\t\t\t\t<\/div>\n\t\t<\/div>\n\t\t\t\t\t<\/div>\n\t\t<\/section>\n\t\t\t\t<section class=\"elementor-section elementor-inner-section elementor-element elementor-element-9322125 elementor-section-boxed elementor-section-height-default elementor-section-height-default\" data-id=\"9322125\" data-element_type=\"section\">\n\t\t\t\t\t\t<div class=\"elementor-container elementor-column-gap-default\">\n\t\t\t\t\t<div class=\"elementor-column elementor-col-50 elementor-inner-column elementor-element elementor-element-9f65d19\" data-id=\"9f65d19\" data-element_type=\"column\">\n\t\t\t<div class=\"elementor-widget-wrap elementor-element-populated\">\n\t\t\t\t\t\t<div class=\"elementor-element elementor-element-5df09d1 elementor-view-stacked elementor-shape-square elementor-position-left elementor-mobile-position-left elementor-vertical-align-top elementor-widget elementor-widget-icon-box\" data-id=\"5df09d1\" data-element_type=\"widget\" data-widget_type=\"icon-box.default\">\n\t\t\t\t<div class=\"elementor-widget-container\">\n\t\t\t\t\t\t\t<div class=\"elementor-icon-box-wrapper\">\n\n\t\t\t\t\t\t<div class=\"elementor-icon-box-icon\">\n\t\t\t\t<span  class=\"elementor-icon\">\n\t\t\t\t<i aria-hidden=\"true\" class=\"fas fa-check\"><\/i>\t\t\t\t<\/span>\n\t\t\t<\/div>\n\t\t\t\n\t\t\t\t\t\t<div class=\"elementor-icon-box-content\">\n\n\t\t\t\t\t\t\t\t\t<h5 class=\"elementor-icon-box-title\">\n\t\t\t\t\t\t<span  >\n\t\t\t\t\t\t\tAhorro significativo\t\t\t\t\t\t<\/span>\n\t\t\t\t\t<\/h5>\n\t\t\t\t\n\t\t\t\t\t\t\t\t\t<p class=\"elementor-icon-box-description\">\n\t\t\t\t\t\tReduce tus costos de impresi\u00f3n hasta un 50% frente a los t\u00f3ners originales.\t\t\t\t\t<\/p>\n\t\t\t\t\n\t\t\t<\/div>\n\t\t\t\n\t\t<\/div>\n\t\t\t\t\t\t<\/div>\n\t\t\t\t<\/div>\n\t\t\t\t\t<\/div>\n\t\t<\/div>\n\t\t\t\t<div class=\"elementor-column elementor-col-50 elementor-inner-column elementor-element elementor-element-ae5651d\" data-id=\"ae5651d\" data-element_type=\"column\">\n\t\t\t<div class=\"elementor-widget-wrap elementor-element-populated\">\n\t\t\t\t\t\t<div class=\"elementor-element elementor-element-c67235a elementor-view-stacked elementor-shape-square elementor-position-left elementor-mobile-position-left elementor-vertical-align-top elementor-widget elementor-widget-icon-box\" data-id=\"c67235a\" data-element_type=\"widget\" data-widget_type=\"icon-box.default\">\n\t\t\t\t<div class=\"elementor-widget-container\">\n\t\t\t\t\t\t\t<div class=\"elementor-icon-box-wrapper\">\n\n\t\t\t\t\t\t<div class=\"elementor-icon-box-icon\">\n\t\t\t\t<span  class=\"elementor-icon\">\n\t\t\t\t<i aria-hidden=\"true\" class=\"fas fa-check\"><\/i>\t\t\t\t<\/span>\n\t\t\t<\/div>\n\t\t\t\n\t\t\t\t\t\t<div class=\"elementor-icon-box-content\">\n\n\t\t\t\t\t\t\t\t\t<h5 class=\"elementor-icon-box-title\">\n\t\t\t\t\t\t<span  >\n\t\t\t\t\t\t\tAlto rendimiento\t\t\t\t\t\t<\/span>\n\t\t\t\t\t<\/h5>\n\t\t\t\t\n\t\t\t\t\t\t\t\t\t<p class=\"elementor-icon-box-description\">\n\t\t\t\t\t\tIdeal para oficinas, negocios y uso personal, asegurando m\u00e1s impresiones por menos.\t\t\t\t\t<\/p>\n\t\t\t\t\n\t\t\t<\/div>\n\t\t\t\n\t\t<\/div>\n\t\t\t\t\t\t<\/div>\n\t\t\t\t<\/div>\n\t\t\t\t\t<\/div>\n\t\t<\/div>\n\t\t\t\t\t<\/div>\n\t\t<\/section>\n\t\t\t\t<section class=\"elementor-section elementor-inner-section elementor-element elementor-element-c66e174 elementor-section-boxed elementor-section-height-default elementor-section-height-default\" data-id=\"c66e174\" data-element_type=\"section\">\n\t\t\t\t\t\t<div class=\"elementor-container elementor-column-gap-default\">\n\t\t\t\t\t<div class=\"elementor-column elementor-col-50 elementor-inner-column elementor-element elementor-element-945b0d9\" data-id=\"945b0d9\" data-element_type=\"column\">\n\t\t\t<div class=\"elementor-widget-wrap elementor-element-populated\">\n\t\t\t\t\t\t<div class=\"elementor-element elementor-element-6b4964c elementor-view-stacked elementor-shape-square elementor-position-left elementor-vertical-align-top elementor-widget elementor-widget-icon-box\" data-id=\"6b4964c\" data-element_type=\"widget\" data-widget_type=\"icon-box.default\">\n\t\t\t\t<div class=\"elementor-widget-container\">\n\t\t\t\t\t\t\t<div class=\"elementor-icon-box-wrapper\">\n\n\t\t\t\t\t\t<div class=\"elementor-icon-box-icon\">\n\t\t\t\t<span  class=\"elementor-icon\">\n\t\t\t\t<i aria-hidden=\"true\" class=\"fas fa-check\"><\/i>\t\t\t\t<\/span>\n\t\t\t<\/div>\n\t\t\t\n\t\t\t\t\t\t<div class=\"elementor-icon-box-content\">\n\n\t\t\t\t\t\t\t\t\t<h5 class=\"elementor-icon-box-title\">\n\t\t\t\t\t\t<span  >\n\t\t\t\t\t\t\tF\u00e1cil instalaci\u00f3n\t\t\t\t\t\t<\/span>\n\t\t\t\t\t<\/h5>\n\t\t\t\t\n\t\t\t\t\t\t\t\t\t<p class=\"elementor-icon-box-description\">\n\t\t\t\t\t\tDise\u00f1o intuitivo que permite una colocaci\u00f3n r\u00e1pida y sin complicaciones.\t\t\t\t\t<\/p>\n\t\t\t\t\n\t\t\t<\/div>\n\t\t\t\n\t\t<\/div>\n\t\t\t\t\t\t<\/div>\n\t\t\t\t<\/div>\n\t\t\t\t\t<\/div>\n\t\t<\/div>\n\t\t\t\t<div class=\"elementor-column elementor-col-50 elementor-inner-column elementor-element elementor-element-114dbcf\" data-id=\"114dbcf\" data-element_type=\"column\">\n\t\t\t<div class=\"elementor-widget-wrap elementor-element-populated\">\n\t\t\t\t\t\t<div class=\"elementor-element elementor-element-05f9e6a elementor-view-stacked elementor-shape-square elementor-position-left elementor-mobile-position-left elementor-vertical-align-top elementor-widget elementor-widget-icon-box\" data-id=\"05f9e6a\" data-element_type=\"widget\" data-widget_type=\"icon-box.default\">\n\t\t\t\t<div class=\"elementor-widget-container\">\n\t\t\t\t\t\t\t<div class=\"elementor-icon-box-wrapper\">\n\n\t\t\t\t\t\t<div class=\"elementor-icon-box-icon\">\n\t\t\t\t<span  class=\"elementor-icon\">\n\t\t\t\t<i aria-hidden=\"true\" class=\"fas fa-check\"><\/i>\t\t\t\t<\/span>\n\t\t\t<\/div>\n\t\t\t\n\t\t\t\t\t\t<div class=\"elementor-icon-box-content\">\n\n\t\t\t\t\t\t\t\t\t<h5 class=\"elementor-icon-box-title\">\n\t\t\t\t\t\t<span  >\n\t\t\t\t\t\t\tSostenible\t\t\t\t\t\t<\/span>\n\t\t\t\t\t<\/h5>\n\t\t\t\t\n\t\t\t\t\t\t\t\t\t<p class=\"elementor-icon-box-description\">\n\t\t\t\t\t\tElaborado bajo est\u00e1ndares responsables, contribuyendo al cuidado del medio ambiente.\t\t\t\t\t<\/p>\n\t\t\t\t\n\t\t\t<\/div>\n\t\t\t\n\t\t<\/div>\n\t\t\t\t\t\t<\/div>\n\t\t\t\t<\/div>\n\t\t\t\t\t<\/div>\n\t\t<\/div>\n\t\t\t\t\t<\/div>\n\t\t<\/section>\n\t\t\t\t\t<\/div>\n\t\t<\/div>\n\t\t\t\t\t<\/div>\n\t\t<\/section>\n\t\t\t\t<section class=\"elementor-section elementor-top-section elementor-element elementor-element-e2cd0f5 elementor-section-boxed elementor-section-height-default elementor-section-height-default\" data-id=\"e2cd0f5\" data-element_type=\"section\">\n\t\t\t\t\t\t<div class=\"elementor-container elementor-column-gap-default\">\n\t\t\t\t\t<div class=\"elementor-column elementor-col-100 elementor-top-column elementor-element elementor-element-e40d0cf\" data-id=\"e40d0cf\" data-element_type=\"column\" data-settings=\"{&quot;background_background&quot;:&quot;classic&quot;}\">\n\t\t\t<div class=\"elementor-widget-wrap elementor-element-populated\">\n\t\t\t\t\t\t<section class=\"elementor-section elementor-inner-section elementor-element elementor-element-2614fd9 elementor-section-boxed elementor-section-height-default elementor-section-height-default\" data-id=\"2614fd9\" data-element_type=\"section\">\n\t\t\t\t\t\t<div class=\"elementor-container elementor-column-gap-default\">\n\t\t\t\t\t<div class=\"elementor-column elementor-col-100 elementor-inner-column elementor-element elementor-element-ba871fc\" data-id=\"ba871fc\" data-element_type=\"column\">\n\t\t\t<div class=\"elementor-widget-wrap elementor-element-populated\">\n\t\t\t\t\t\t<div class=\"elementor-element elementor-element-41410aa elementor-widget elementor-widget-heading\" data-id=\"41410aa\" data-element_type=\"widget\" data-widget_type=\"heading.default\">\n\t\t\t\t<div class=\"elementor-widget-container\">\n\t\t\t\t\t<h4 class=\"elementor-heading-title elementor-size-default\">Especificaciones T\u00e9cnicas<\/h4>\t\t\t\t<\/div>\n\t\t\t\t<\/div>\n\t\t\t\t\t<\/div>\n\t\t<\/div>\n\t\t\t\t\t<\/div>\n\t\t<\/section>\n\t\t\t\t<section class=\"elementor-section elementor-inner-section elementor-element elementor-element-2332608 elementor-section-boxed elementor-section-height-default elementor-section-height-default\" data-id=\"2332608\" data-element_type=\"section\">\n\t\t\t\t\t\t<div class=\"elementor-container elementor-column-gap-default\">\n\t\t\t\t\t<div class=\"elementor-column elementor-col-50 elementor-inner-column elementor-element elementor-element-09b2eb3\" data-id=\"09b2eb3\" data-element_type=\"column\">\n\t\t\t<div class=\"elementor-widget-wrap elementor-element-populated\">\n\t\t\t\t\t\t<div class=\"elementor-element elementor-element-a6d5e8a elementor-widget elementor-widget-spacer\" data-id=\"a6d5e8a\" data-element_type=\"widget\" data-widget_type=\"spacer.default\">\n\t\t\t\t<div class=\"elementor-widget-container\">\n\t\t\t\t\t\t\t<div class=\"elementor-spacer\">\n\t\t\t<div class=\"elementor-spacer-inner\"><\/div>\n\t\t<\/div>\n\t\t\t\t\t\t<\/div>\n\t\t\t\t<\/div>\n\t\t\t\t<div class=\"elementor-element elementor-element-22fae20 elementor-widget elementor-widget-image\" data-id=\"22fae20\" data-element_type=\"widget\" data-widget_type=\"image.default\">\n\t\t\t\t<div class=\"elementor-widget-container\">\n\t\t\t\t\t\t\t\t\t\t\t\t\t\t\t<img decoding=\"async\" width=\"300\" height=\"132\" src=\"https:\/\/bestprint.cl\/wp\/wp-content\/uploads\/2025\/01\/toner-2-300x132.jpg\" class=\"attachment-thumbnail size-thumbnail wp-image-421\" alt=\"\" srcset=\"https:\/\/bestprint.cl\/wp\/wp-content\/uploads\/2025\/01\/toner-2-300x132.jpg 300w, https:\/\/bestprint.cl\/wp\/wp-content\/uploads\/2025\/01\/toner-2-500x220.jpg 500w, https:\/\/bestprint.cl\/wp\/wp-content\/uploads\/2025\/01\/toner-2-150x66.jpg 150w, https:\/\/bestprint.cl\/wp\/wp-content\/uploads\/2025\/01\/toner-2-480x211.jpg 480w, https:\/\/bestprint.cl\/wp\/wp-content\/uploads\/2025\/01\/toner-2.jpg 569w\" sizes=\"(max-width:767px) 300px, 300px\" \/>\t\t\t\t\t\t\t\t\t\t\t\t\t\t\t<\/div>\n\t\t\t\t<\/div>\n\t\t\t\t<div class=\"elementor-element elementor-element-323d988 elementor-widget elementor-widget-spacer\" data-id=\"323d988\" data-element_type=\"widget\" data-widget_type=\"spacer.default\">\n\t\t\t\t<div class=\"elementor-widget-container\">\n\t\t\t\t\t\t\t<div class=\"elementor-spacer\">\n\t\t\t<div class=\"elementor-spacer-inner\"><\/div>\n\t\t<\/div>\n\t\t\t\t\t\t<\/div>\n\t\t\t\t<\/div>\n\t\t\t\t\t<\/div>\n\t\t<\/div>\n\t\t\t\t<div class=\"elementor-column elementor-col-50 elementor-inner-column elementor-element elementor-element-72309b6\" data-id=\"72309b6\" data-element_type=\"column\">\n\t\t\t<div class=\"elementor-widget-wrap elementor-element-populated\">\n\t\t\t\t\t\t<div class=\"elementor-element elementor-element-505b6ac elementor-widget elementor-widget-text-editor\" data-id=\"505b6ac\" data-element_type=\"widget\" data-widget_type=\"text-editor.default\">\n\t\t\t\t<div class=\"elementor-widget-container\">\n\t\t\t\t\t\t\t\t\t<p>\u00a0<\/p><table><tbody><tr><td><strong>Compatibilidad:<\/strong><\/td><td><p data-pm-slice=\"1 1 [&quot;list&quot;,{&quot;spread&quot;:false,&quot;start&quot;:474,&quot;end&quot;:860},&quot;regular_list_item&quot;,{&quot;start&quot;:474,&quot;end&quot;:622}]\">MLT-D203U, incluyendo Samsung ProXpress M4020 y M4070.<\/p><\/td><\/tr><tr><td><p data-pm-slice=\"1 1 [&quot;list&quot;,{&quot;spread&quot;:false,&quot;start&quot;:474,&quot;end&quot;:860},&quot;regular_list_item&quot;,{&quot;start&quot;:623,&quot;end&quot;:694}]\"><strong>Capacidad:\u00a0<\/strong><\/p><\/td><td><p data-pm-slice=\"1 1 [&quot;list&quot;,{&quot;spread&quot;:false,&quot;start&quot;:474,&quot;end&quot;:860},&quot;regular_list_item&quot;,{&quot;start&quot;:623,&quot;end&quot;:694}]\">Hasta 15,000 p\u00e1ginas (al 5% de cobertura).<\/p><\/td><\/tr><tr><td><strong>Alternativa:<\/strong><\/td><td><span style=\"font-style: normal; font-variant-ligatures: normal; font-variant-caps: normal; font-weight: 400; font-size: 16px; font-family: 'Plus Jakarta Sans', -apple-system, BlinkMacSystemFont, 'Segoe UI', Roboto, Oxygen-Sans, Ubuntu, Cantarell, 'Helvetica Neue', sans-serif;\">Samsung<\/span><span style=\"font-family: 'Plus Jakarta Sans', -apple-system, BlinkMacSystemFont, 'Segoe UI', Roboto, Oxygen-Sans, Ubuntu, Cantarell, 'Helvetica Neue', sans-serif; font-size: 16px; font-style: normal; font-variant-ligatures: normal; font-variant-caps: normal; font-weight: 400;\">\u00a0<\/span><\/td><\/tr><tr><td>\u00a0<strong style=\"background-color: initial; letter-spacing: 0px;\">Color:<\/strong><span style=\"background-color: initial; letter-spacing: 0px;\">\u00a0<\/span><\/td><td><span style=\"background-color: initial; letter-spacing: 0px;\">Negro (BK).<\/span><\/td><\/tr><tr><td><p data-pm-slice=\"1 1 [&quot;list&quot;,{&quot;spread&quot;:false,&quot;start&quot;:474,&quot;end&quot;:860},&quot;regular_list_item&quot;,{&quot;start&quot;:720,&quot;end&quot;:771}]\"><strong>Condici\u00f3n<\/strong><\/p><\/td><td><p data-pm-slice=\"1 1 [&quot;list&quot;,{&quot;spread&quot;:false,&quot;start&quot;:474,&quot;end&quot;:860},&quot;regular_list_item&quot;,{&quot;start&quot;:720,&quot;end&quot;:771}]\">100% nuevo y sellado.<\/p><\/td><\/tr><\/tbody><\/table>\t\t\t\t\t\t\t\t<\/div>\n\t\t\t\t<\/div>\n\t\t\t\t\t<\/div>\n\t\t<\/div>\n\t\t\t\t\t<\/div>\n\t\t<\/section>\n\t\t\t\t\t<\/div>\n\t\t<\/div>\n\t\t\t\t\t<\/div>\n\t\t<\/section>\n\t\t\t\t<section class=\"elementor-section elementor-top-section elementor-element elementor-element-ac74866 elementor-section-boxed elementor-section-height-default elementor-section-height-default\" data-id=\"ac74866\" data-element_type=\"section\">\n\t\t\t\t\t\t<div class=\"elementor-container elementor-column-gap-default\">\n\t\t\t\t\t<div class=\"elementor-column elementor-col-100 elementor-top-column elementor-element elementor-element-00455b3\" data-id=\"00455b3\" data-element_type=\"column\">\n\t\t\t<div class=\"elementor-widget-wrap elementor-element-populated\">\n\t\t\t\t\t\t<section class=\"elementor-section elementor-inner-section elementor-element elementor-element-0b58131 elementor-section-boxed elementor-section-height-default elementor-section-height-default\" data-id=\"0b58131\" data-element_type=\"section\">\n\t\t\t\t\t\t<div class=\"elementor-container elementor-column-gap-default\">\n\t\t\t\t\t<div class=\"elementor-column elementor-col-100 elementor-inner-column elementor-element elementor-element-e9e37c9\" data-id=\"e9e37c9\" data-element_type=\"column\">\n\t\t\t<div class=\"elementor-widget-wrap elementor-element-populated\">\n\t\t\t\t\t\t<div class=\"elementor-element elementor-element-11028d6 elementor-widget elementor-widget-heading\" data-id=\"11028d6\" data-element_type=\"widget\" data-widget_type=\"heading.default\">\n\t\t\t\t<div class=\"elementor-widget-container\">\n\t\t\t\t\t<h2 class=\"elementor-heading-title elementor-size-default\">Las mejores alternativas <span style=\"color:#2A27E9;\">BEST PRINT<\/span>.<\/h2>\t\t\t\t<\/div>\n\t\t\t\t<\/div>\n\t\t\t\t\t<\/div>\n\t\t<\/div>\n\t\t\t\t\t<\/div>\n\t\t<\/section>\n\t\t\t\t<section class=\"elementor-section elementor-inner-section elementor-element elementor-element-a00a4aa elementor-reverse-mobile elementor-section-boxed elementor-section-height-default elementor-section-height-default\" data-id=\"a00a4aa\" data-element_type=\"section\">\n\t\t\t\t\t\t<div class=\"elementor-container elementor-column-gap-no\">\n\t\t\t\t\t<div class=\"elementor-column elementor-col-50 elementor-inner-column elementor-element elementor-element-aebdda8\" data-id=\"aebdda8\" data-element_type=\"column\" data-settings=\"{&quot;background_background&quot;:&quot;classic&quot;}\">\n\t\t\t<div class=\"elementor-widget-wrap elementor-element-populated\">\n\t\t\t\t\t\t<div class=\"elementor-element elementor-element-dc7ae6c elementor-widget elementor-widget-heading\" data-id=\"dc7ae6c\" data-element_type=\"widget\" data-widget_type=\"heading.default\">\n\t\t\t\t<div class=\"elementor-widget-container\">\n\t\t\t\t\t<h4 class=\"elementor-heading-title elementor-size-default\">\u00bfPor qu\u00e9 elegir BEST PRINT?<\/h4>\t\t\t\t<\/div>\n\t\t\t\t<\/div>\n\t\t\t\t<div class=\"elementor-element elementor-element-7333a85 elementor-widget elementor-widget-text-editor\" data-id=\"7333a85\" data-element_type=\"widget\" data-widget_type=\"text-editor.default\">\n\t\t\t\t<div class=\"elementor-widget-container\">\n\t\t\t\t\t\t\t\t\t<p data-pm-slice=\"1 1 []\">Con el t\u00f3ner alternativo BEST PRINT, obtienes la misma calidad y durabilidad que un producto original, pero a una fracci\u00f3n del costo. Es la opci\u00f3n ideal para quienes valoran eficiencia y calidad sin comprometer su presupuesto.<\/p>\t\t\t\t\t\t\t\t<\/div>\n\t\t\t\t<\/div>\n\t\t\t\t\t<\/div>\n\t\t<\/div>\n\t\t\t\t<div class=\"elementor-column elementor-col-50 elementor-inner-column elementor-element elementor-element-2f2a32e\" data-id=\"2f2a32e\" data-element_type=\"column\">\n\t\t\t<div class=\"elementor-widget-wrap elementor-element-populated\">\n\t\t\t\t\t\t<div class=\"elementor-element elementor-element-eca2fdd elementor-widget elementor-widget-image\" data-id=\"eca2fdd\" data-element_type=\"widget\" data-widget_type=\"image.default\">\n\t\t\t\t<div class=\"elementor-widget-container\">\n\t\t\t\t\t\t\t\t\t\t\t\t\t\t\t<img fetchpriority=\"high\" decoding=\"async\" width=\"800\" height=\"1200\" src=\"https:\/\/bestprint.cl\/wp\/wp-content\/uploads\/2025\/01\/mujeres-sosteniendo-papel-alto-angulo-800x1200.jpg\" class=\"attachment-large size-large wp-image-441\" alt=\"\" srcset=\"https:\/\/bestprint.cl\/wp\/wp-content\/uploads\/2025\/01\/mujeres-sosteniendo-papel-alto-angulo-800x1200.jpg 800w, https:\/\/bestprint.cl\/wp\/wp-content\/uploads\/2025\/01\/mujeres-sosteniendo-papel-alto-angulo-500x750.jpg 500w, https:\/\/bestprint.cl\/wp\/wp-content\/uploads\/2025\/01\/mujeres-sosteniendo-papel-alto-angulo-333x500.jpg 333w, https:\/\/bestprint.cl\/wp\/wp-content\/uploads\/2025\/01\/mujeres-sosteniendo-papel-alto-angulo-200x300.jpg 200w, https:\/\/bestprint.cl\/wp\/wp-content\/uploads\/2025\/01\/mujeres-sosteniendo-papel-alto-angulo-768x1152.jpg 768w, https:\/\/bestprint.cl\/wp\/wp-content\/uploads\/2025\/01\/mujeres-sosteniendo-papel-alto-angulo-50x75.jpg 50w, https:\/\/bestprint.cl\/wp\/wp-content\/uploads\/2025\/01\/mujeres-sosteniendo-papel-alto-angulo-480x720.jpg 480w, https:\/\/bestprint.cl\/wp\/wp-content\/uploads\/2025\/01\/mujeres-sosteniendo-papel-alto-angulo.jpg 1000w\" sizes=\"(max-width:767px) 480px, (max-width:800px) 100vw, 800px\" \/>\t\t\t\t\t\t\t\t\t\t\t\t\t\t\t<\/div>\n\t\t\t\t<\/div>\n\t\t\t\t\t<\/div>\n\t\t<\/div>\n\t\t\t\t\t<\/div>\n\t\t<\/section>\n\t\t\t\t<section class=\"elementor-section elementor-inner-section elementor-element elementor-element-2f52631 elementor-section-boxed elementor-section-height-default elementor-section-height-default\" data-id=\"2f52631\" data-element_type=\"section\">\n\t\t\t\t\t\t<div class=\"elementor-container elementor-column-gap-no\">\n\t\t\t\t\t<div class=\"elementor-column elementor-col-50 elementor-inner-column elementor-element elementor-element-5917191\" data-id=\"5917191\" data-element_type=\"column\">\n\t\t\t<div class=\"elementor-widget-wrap elementor-element-populated\">\n\t\t\t\t\t\t<div class=\"elementor-element elementor-element-af155b1 elementor-widget elementor-widget-image\" data-id=\"af155b1\" data-element_type=\"widget\" data-widget_type=\"image.default\">\n\t\t\t\t<div class=\"elementor-widget-container\">\n\t\t\t\t\t\t\t\t\t\t\t\t\t\t\t<img decoding=\"async\" width=\"1200\" height=\"800\" src=\"https:\/\/bestprint.cl\/wp\/wp-content\/uploads\/2025\/01\/cerrar-toner-impresora-1200x800.jpg\" class=\"attachment-large size-large wp-image-426\" alt=\"\" srcset=\"https:\/\/bestprint.cl\/wp\/wp-content\/uploads\/2025\/01\/cerrar-toner-impresora-1200x800.jpg 1200w, https:\/\/bestprint.cl\/wp\/wp-content\/uploads\/2025\/01\/cerrar-toner-impresora-500x333.jpg 500w, https:\/\/bestprint.cl\/wp\/wp-content\/uploads\/2025\/01\/cerrar-toner-impresora-300x200.jpg 300w, https:\/\/bestprint.cl\/wp\/wp-content\/uploads\/2025\/01\/cerrar-toner-impresora-768x512.jpg 768w, https:\/\/bestprint.cl\/wp\/wp-content\/uploads\/2025\/01\/cerrar-toner-impresora-1536x1024.jpg 1536w, https:\/\/bestprint.cl\/wp\/wp-content\/uploads\/2025\/01\/cerrar-toner-impresora-2048x1365.jpg 2048w, https:\/\/bestprint.cl\/wp\/wp-content\/uploads\/2025\/01\/cerrar-toner-impresora-113x75.jpg 113w, https:\/\/bestprint.cl\/wp\/wp-content\/uploads\/2025\/01\/cerrar-toner-impresora-480x320.jpg 480w, https:\/\/bestprint.cl\/wp\/wp-content\/uploads\/2025\/01\/cerrar-toner-impresora-1320x880.jpg 1320w\" sizes=\"(max-width:767px) 480px, (max-width:1200px) 100vw, 1200px\" \/>\t\t\t\t\t\t\t\t\t\t\t\t\t\t\t<\/div>\n\t\t\t\t<\/div>\n\t\t\t\t\t<\/div>\n\t\t<\/div>\n\t\t\t\t<div class=\"elementor-column elementor-col-50 elementor-inner-column elementor-element elementor-element-ccb6eb5\" data-id=\"ccb6eb5\" data-element_type=\"column\" data-settings=\"{&quot;background_background&quot;:&quot;classic&quot;}\">\n\t\t\t<div class=\"elementor-widget-wrap elementor-element-populated\">\n\t\t\t\t\t\t<div class=\"elementor-element elementor-element-aca8c47 elementor-widget elementor-widget-heading\" data-id=\"aca8c47\" data-element_type=\"widget\" data-widget_type=\"heading.default\">\n\t\t\t\t<div class=\"elementor-widget-container\">\n\t\t\t\t\t<h4 class=\"elementor-heading-title elementor-size-default\">Aplicaciones recomendadas:<\/h4>\t\t\t\t<\/div>\n\t\t\t\t<\/div>\n\t\t\t\t<div class=\"elementor-element elementor-element-9a2a614 elementor-widget elementor-widget-text-editor\" data-id=\"9a2a614\" data-element_type=\"widget\" data-widget_type=\"text-editor.default\">\n\t\t\t\t<div class=\"elementor-widget-container\">\n\t\t\t\t\t\t\t\t\t<ul data-spread=\"false\" data-pm-slice=\"3 3 []\"><li><p>Documentos profesionales.<\/p><\/li><li><p>Informes y reportes de alta calidad.<\/p><\/li><li><p>Material de oficina y tareas de uso cotidiano.<\/p><\/li><\/ul>\t\t\t\t\t\t\t\t<\/div>\n\t\t\t\t<\/div>\n\t\t\t\t\t<\/div>\n\t\t<\/div>\n\t\t\t\t\t<\/div>\n\t\t<\/section>\n\t\t\t\t\t<\/div>\n\t\t<\/div>\n\t\t\t\t\t<\/div>\n\t\t<\/section>\n\t\t\t\t<\/div>\n\t\t","protected":false},"excerpt":{"rendered":"<p data-pm-slice=\"1 1 []\">Compatible con impresoras <strong data-start=\"112\" data-end=\"123\">Samsung<\/strong> que utilizan el modelo de t\u00f3ner <strong data-start=\"156\" data-end=\"169\">MLT-D203U<\/strong>, incluyendo <strong data-start=\"182\" data-end=\"217\">Samsung ProXpress M4020 y M4070<\/strong>. Este t\u00f3ner es la opci\u00f3n perfecta para quienes buscan <strong data-start=\"751\" data-end=\"789\">alto rendimiento, calidad y ahorro<\/strong> en sus impresiones diarias.<\/p>\n","protected":false},"featured_media":577,"comment_status":"open","ping_status":"closed","template":"","meta":[],"product_brand":[131],"product_cat":[24],"product_tag":[138],"class_list":{"0":"post-1021","1":"product","2":"type-product","3":"status-publish","4":"has-post-thumbnail","6":"product_brand-besprint","7":"product_cat-toner","8":"product_tag-samsung","10":"first","11":"instock","12":"taxable","13":"shipping-taxable","14":"purchasable","15":"product-type-simple"},"jetpack_sharing_enabled":true,"_links":{"self":[{"href":"https:\/\/bestprint.cl\/wp\/wp-json\/wp\/v2\/product\/1021","targetHints":{"allow":["GET"]}}],"collection":[{"href":"https:\/\/bestprint.cl\/wp\/wp-json\/wp\/v2\/product"}],"about":[{"href":"https:\/\/bestprint.cl\/wp\/wp-json\/wp\/v2\/types\/product"}],"replies":[{"embeddable":true,"href":"https:\/\/bestprint.cl\/wp\/wp-json\/wp\/v2\/comments?post=1021"}],"version-history":[{"count":9,"href":"https:\/\/bestprint.cl\/wp\/wp-json\/wp\/v2\/product\/1021\/revisions"}],"predecessor-version":[{"id":1714,"href":"https:\/\/bestprint.cl\/wp\/wp-json\/wp\/v2\/product\/1021\/revisions\/1714"}],"wp:featuredmedia":[{"embeddable":true,"href":"https:\/\/bestprint.cl\/wp\/wp-json\/wp\/v2\/media\/577"}],"wp:attachment":[{"href":"https:\/\/bestprint.cl\/wp\/wp-json\/wp\/v2\/media?parent=1021"}],"wp:term":[{"taxonomy":"product_brand","embeddable":true,"href":"https:\/\/bestprint.cl\/wp\/wp-json\/wp\/v2\/product_brand?post=1021"},{"taxonomy":"product_cat","embeddable":true,"href":"https:\/\/bestprint.cl\/wp\/wp-json\/wp\/v2\/product_cat?post=1021"},{"taxonomy":"product_tag","embeddable":true,"href":"https:\/\/bestprint.cl\/wp\/wp-json\/wp\/v2\/product_tag?post=1021"}],"curies":[{"name":"wp","href":"https:\/\/api.w.org\/{rel}","templated":true}]}}